{"id":152,"date":"2021-03-03T10:48:31","date_gmt":"2021-03-03T10:48:31","guid":{"rendered":"https:\/\/general-protection-engineering.com\/Neu\/?page_id=152"},"modified":"2021-04-13T11:07:48","modified_gmt":"2021-04-13T11:07:48","slug":"forthcoming","status":"publish","type":"page","link":"https:\/\/general-protection-engineering.com\/index.php\/forthcoming\/","title":{"rendered":"Forthcoming Projects"},"content":{"rendered":"\n<div style=\"height:50px\" aria-hidden=\"true\" class=\"wp-block-spacer\"><\/div>\n\n\n\n<h2 class=\"wp-block-heading\">Forthcoming Projects<\/h2>\n\n\n\n\t\t<div class=\"pgafu-post-grid-main pgafu-design-1 pgafu-image-fit pgafu-grid-3 pgafu-clearfix \">\r\n\t\t\t<div class=\"pgafu-post-grid  pgafu-medium-4 pgafu-columns  pgafu-first\">\r\n\t<div class=\"pgafu-post-grid-content \">\r\n\t\t\t\t\t<div class=\"pgafu-post-image-bg\" style=\"\">\r\n\t\t\t\t<a href=\"https:\/\/general-protection-engineering.com\/index.php\/2021\/03\/02\/flight-safty\/\">\r\n\t\t\t\t\t<img decoding=\"async\" src=\"https:\/\/general-protection-engineering.com\/wp-content\/uploads\/2021\/03\/slider-flight-1024x576.jpg\" alt=\"Improved Safety and Flight Organization in Aviation\" \/>\r\n\t\t\t\t<\/a>\r\n\t\t\t<\/div>\r\n\t\t\r\n\t\t<h2 class=\"pgafu-post-title\">\r\n\t\t\t<a href=\"https:\/\/general-protection-engineering.com\/index.php\/2021\/03\/02\/flight-safty\/\">Improved Safety and Flight Organization in Aviation<\/a>\r\n\t\t<\/h2>\r\n\r\n\t\t\t\t\t<div class=\"pgafu-post-content\">\r\n\t\t\t\t<div class=\"pgafu-post-short-content\">Improved Safety and Flight Organization by High-Safety Airliner and improved Luggage Checking and Organization History and background On September 6,...<\/div>\r\n\t\t\t\t\t\t\t\t\t<a href=\"https:\/\/general-protection-engineering.com\/index.php\/2021\/03\/02\/flight-safty\/\" class=\"readmorebtn\">Weiterlesen<\/a>\r\n\t\t\t\t\t\t\t<\/div>\r\n\t\t\t<\/div>\r\n<\/div><div class=\"pgafu-post-grid  pgafu-medium-4 pgafu-columns  pgafu-last\">\r\n\t<div class=\"pgafu-post-grid-content \">\r\n\t\t\t\t\t<div class=\"pgafu-post-image-bg\" style=\"\">\r\n\t\t\t\t<a href=\"https:\/\/general-protection-engineering.com\/index.php\/2021\/03\/01\/radioactive-waste\/\">\r\n\t\t\t\t\t<img decoding=\"async\" src=\"https:\/\/general-protection-engineering.com\/wp-content\/uploads\/2021\/03\/slider-waste-1024x529.jpg\" alt=\"RADIOACTIVE WASTE\" \/>\r\n\t\t\t\t<\/a>\r\n\t\t\t<\/div>\r\n\t\t\r\n\t\t<h2 class=\"pgafu-post-title\">\r\n\t\t\t<a href=\"https:\/\/general-protection-engineering.com\/index.php\/2021\/03\/01\/radioactive-waste\/\">RADIOACTIVE WASTE<\/a>\r\n\t\t<\/h2>\r\n\r\n\t\t\t\t\t<div class=\"pgafu-post-content\">\r\n\t\t\t\t<div class=\"pgafu-post-short-content\">Zwischen- und Endlager f\u00fcr radioaktive Abf\u00e4lle Bisher haben sich Geologen, in der Schweiz die NAGRA, nur f\u00fcr die geologischen Tiefenlager...<\/div>\r\n\t\t\t\t\t\t\t\t\t<a href=\"https:\/\/general-protection-engineering.com\/index.php\/2021\/03\/01\/radioactive-waste\/\" class=\"readmorebtn\">Weiterlesen<\/a>\r\n\t\t\t\t\t\t\t<\/div>\r\n\t\t\t<\/div>\r\n<\/div>\r\n\t\t\t\t\t\t\t<div class=\"pgafu-post-pagination pgafu-clearfix\">\r\n\t\t\t\t\t\t\t\t\t<\/div>\r\n\t\t\t\r\n\t\t<\/div>\r\n\r\n\t\t\n","protected":false},"excerpt":{"rendered":"<p>Forthcoming Projects<\/p>\n","protected":false},"author":2,"featured_media":0,"parent":0,"menu_order":0,"comment_status":"closed","ping_status":"closed","template":"page-templates\/page_fullwidth.php","meta":{"footnotes":""},"class_list":["post-152","page","type-page","status-publish","hentry"],"amp_enabled":false,"_links":{"self":[{"href":"https:\/\/general-protection-engineering.com\/index.php\/wp-json\/wp\/v2\/pages\/152","targetHints":{"allow":["GET"]}}],"collection":[{"href":"https:\/\/general-protection-engineering.com\/index.php\/wp-json\/wp\/v2\/pages"}],"about":[{"href":"https:\/\/general-protection-engineering.com\/index.php\/wp-json\/wp\/v2\/types\/page"}],"author":[{"embeddable":true,"href":"https:\/\/general-protection-engineering.com\/index.php\/wp-json\/wp\/v2\/users\/2"}],"replies":[{"embeddable":true,"href":"https:\/\/general-protection-engineering.com\/index.php\/wp-json\/wp\/v2\/comments?post=152"}],"version-history":[{"count":5,"href":"https:\/\/general-protection-engineering.com\/index.php\/wp-json\/wp\/v2\/pages\/152\/revisions"}],"predecessor-version":[{"id":285,"href":"https:\/\/general-protection-engineering.com\/index.php\/wp-json\/wp\/v2\/pages\/152\/revisions\/285"}],"wp:attachment":[{"href":"https:\/\/general-protection-engineering.com\/index.php\/wp-json\/wp\/v2\/media?parent=152"}],"curies":[{"name":"wp","href":"https:\/\/api.w.org\/{rel}","templated":true}]}}